{"id":773,"date":"2023-07-12T15:54:16","date_gmt":"2023-07-12T20:54:16","guid":{"rendered":"https:\/\/thaispanampang.com\/?page_id=773"},"modified":"2024-02-28T18:50:03","modified_gmt":"2024-02-28T23:50:03","slug":"datenschutzerklarung","status":"publish","type":"page","link":"https:\/\/thaispanampang.com\/en\/datenschutzerklarung\/","title":{"rendered":"PRIVACY POLICY"},"content":{"rendered":"<div data-elementor-type=\"wp-page\" data-elementor-id=\"773\" class=\"elementor elementor-773\" data-elementor-post-type=\"page\">\n\t\t\t\t\t\t<section class=\"elementor-section elementor-top-section elementor-element elementor-element-ad7f95c elementor-section-full_width elementor-section-height-default elementor-section-height-default\" data-id=\"ad7f95c\" data-element_type=\"section\" data-e-type=\"section\" data-settings=\"{&quot;background_background&quot;:&quot;classic&quot;}\">\n\t\t\t\t\t\t<div class=\"elementor-container elementor-column-gap-no\">\n\t\t\t\t\t<div class=\"elementor-column elementor-col-100 elementor-top-column elementor-element elementor-element-ef6891a\" data-id=\"ef6891a\" data-element_type=\"column\" data-e-type=\"column\">\n\t\t\t<div class=\"elementor-widget-wrap elementor-element-populated\">\n\t\t\t\t\t\t<div class=\"elementor-element elementor-element-0358f88 elementor-widget-divider--view-line elementor-widget elementor-widget-divider\" data-id=\"0358f88\" data-element_type=\"widget\" data-e-type=\"widget\" data-widget_type=\"divider.default\">\n\t\t\t\t<div class=\"elementor-widget-container\">\n\t\t\t\t\t\t\t<div class=\"elementor-divider\">\n\t\t\t<span class=\"elementor-divider-separator\">\n\t\t\t\t\t\t<\/span>\n\t\t<\/div>\n\t\t\t\t\t\t<\/div>\n\t\t\t\t<\/div>\n\t\t\t\t<div class=\"elementor-element elementor-element-02ed1bd elementor-widget elementor-widget-heading\" data-id=\"02ed1bd\" data-element_type=\"widget\" data-e-type=\"widget\" data-widget_type=\"heading.default\">\n\t\t\t\t<div class=\"elementor-widget-container\">\n\t\t\t\t\t<h2 class=\"elementor-heading-title elementor-size-default\">Data protection<\/h2>\t\t\t\t<\/div>\n\t\t\t\t<\/div>\n\t\t\t\t\t<\/div>\n\t\t<\/div>\n\t\t\t\t\t<\/div>\n\t\t<\/section>\n\t\t\t\t<section class=\"elementor-section elementor-top-section elementor-element elementor-element-4ff4789 elementor-section-boxed elementor-section-height-default elementor-section-height-default\" data-id=\"4ff4789\" data-element_type=\"section\" data-e-type=\"section\">\n\t\t\t\t\t\t<div class=\"elementor-container elementor-column-gap-default\">\n\t\t\t\t\t<div class=\"elementor-column elementor-col-16 elementor-top-column elementor-element elementor-element-1b5962a\" data-id=\"1b5962a\" data-element_type=\"column\" data-e-type=\"column\">\n\t\t\t<div class=\"elementor-widget-wrap\">\n\t\t\t\t\t\t\t<\/div>\n\t\t<\/div>\n\t\t\t\t<div class=\"elementor-column elementor-col-66 elementor-top-column elementor-element elementor-element-186c46e\" data-id=\"186c46e\" data-element_type=\"column\" data-e-type=\"column\">\n\t\t\t<div class=\"elementor-widget-wrap elementor-element-populated\">\n\t\t\t\t\t\t<div class=\"elementor-element elementor-element-7448ff0 elementor-widget elementor-widget-text-editor\" data-id=\"7448ff0\" data-element_type=\"widget\" data-e-type=\"widget\" data-widget_type=\"text-editor.default\">\n\t\t\t\t<div class=\"elementor-widget-container\">\n\t\t\t\t\t\t\t\t\t<p><strong>Data protection<\/strong><\/p><p>In this data protection declaration we inform you about the processing of your personal data.<\/p><p>If you want to change your privacy settings (give consent or revoke consent already given), click here to change your settings.<\/p><p>Responsible<\/p><p>Carlos Delasera, <a href=\"https:\/\/thaispanampang.com\/en\/\">https:\/\/thaispanampang.com<\/a><a href=\"https:\/\/thaispanampang.com\/en\/\">,<\/a> Witikonerstrasse 31 , 8032 Z\u00fcrich, \u00a0+41 796 08 21 96<\/p><p>hosting providers<\/p><p><a href=\"https:\/\/www.hostinger.com\/\">https:\/\/www.hostinger.com\/<\/a><\/p><p>Server log files<\/p><p>Connection data is processed for the purpose of monitoring the technical function and increasing the operational security of our web host. The processing time is limited to 7 days.<\/p><p>The legal basis for data processing is the legitimate interest (absolute technical necessity of a server log file as a basic database for error analysis and for security measures within the framework of the \"website\" service expressly requested by your call-up) in accordance with Article 6 Paragraph 1 lit. f GDPR.<\/p><p><strong>contact form<\/strong><\/p><p>On our website it is possible to contact us directly using a contact form. After submitting the contact form, the personal data you entered will be processed by the person responsible for the purpose of processing your request on the basis of the consent you gave by submitting the form in accordance with Article 6 (1) (a) GDPR until revoked.<\/p><p>There is no legal or contractual obligation to provide the personal data. The only consequence of not providing it is that you do not submit your request and we cannot process it.<\/p><p><strong>security services<\/strong><\/p><p>On this website we use security service providers such as Captcha services to avoid non-human and automated entries.<\/p><p><strong>Google reCAPTCHA<\/strong><\/p><p>If you give your consent, we process with the service <a href=\"https:\/\/www.google.com\/recaptcha\/about\/\">Google reCaptcha<\/a>, Google Ireland Limited, Gordon House, Barrow Street, Dublin 4, Ireland as joint controllers of your personal data for the purpose of avoiding non-human and automated input. We enable the service to set cookies, collect connection data and data from your web browser. In addition, we enable the service to calculate a user ID to uniquely identify the user within the advertising network operated by Google. Data is stored on your device for a period of up to two years.<\/p><p>The legal basis for data processing is your consent in accordance with Art. 6 Para. 1 lit. a GDPR. Failure to give consent means that the use of reCaptcha and associated forms is not possible.<\/p><p>You can revoke consent that has already been given by changing the data protection settings.<\/p><p>The Google Group transmits your personal data to the USA. The legal basis for the data transfer to the USA is your consent in accordance with Art. 49 Para. 1 lit a in conjunction with Art. 6 Para. 1 lit a GDPR in conjunction with Section 25 TTDSG. You were informed before you gave your consent that the USA does not have a level of data protection that corresponds to the standards of the EU. In particular, US secret services can access your data without you being informed and without you being able to take legal action against it. For this reason, the European Court of Justice declared the earlier adequacy decision (Privacy Shield) invalid in a judgment.<\/p><h4>web fonts<\/h4><h4>Embeddings<\/h4><h4>YouTube<\/h4><p>If you give your consent, we process with the service <a href=\"https:\/\/www.youtube.com\/\">Youtube<\/a>, Google Ireland Limited, Gordon House, Barrow Street, Dublin 4, Ireland as joint controllers of your personal data for the purpose of playing videos on our website.<\/p><p>We enable the service to collect connection data, collect data from your web browser and place an advertising cookie. By placing advertising cookies, Google is able to calculate an individual user ID for each user. This personal data, which is suitable for unique identification, is then processed within the framework of the advertising network operated by Google.<\/p><p>The Google Group transmits your personal data to the USA. The legal basis for the data transfer to the USA is your consent in accordance with Art. 49 Para. 1 lit a in conjunction with Art. 6 Para. 1 lit a GDPR in conjunction with Section 25 TTDSG. You were informed before you gave your consent that the USA does not have a level of data protection that corresponds to the standards of the EU. In particular, US secret services can access your data without you being informed and without you being able to take legal action against it. For this reason, the European Court of Justice declared the earlier adequacy decision (Privacy Shield) invalid in a judgment.<\/p><p>Insofar as Google carries out further independent processing of the data, in particular within the framework of Google's advertising network, Google is solely responsible for this. Details can be found in the <a href=\"https:\/\/policies.google.com\/privacy?\">Data protection<\/a> from Google.<\/p><p>The only consequence of not granting consent is that the YouTube service will not be made available to you. You can revoke consent that has already been given by using the <a href=\"https:\/\/thaispanampang.com\/en\/datenschutzerklarung\/\">Datenschutzeinstellungen<\/a> change<\/p><p>The legal basis for data processing is your consent in accordance with Art. 6 Para. 1 lit. a GDPR.<\/p><p><strong>Google Maps<\/strong><\/p><p>If you give your consent, we process with the service <a href=\"https:\/\/www.google.com\/maps\/\">Google Maps<\/a>, Google LLC, Amphitheater Parkway, Mountain View, CA 94043, USA, as joint controllers of your personal data for the purpose of displaying interactive maps on our website.<\/p><p>We enable the service to collect connection data, collect data from your web browser and place an advertising cookie. By placing advertising cookies, Google is able to calculate an individual user ID for each user. This personal data, which is suitable for unique identification, is then processed within the framework of the advertising network operated by Google.<\/p><p>Insofar as Google carries out further independent processing of the data, in particular within the framework of Google's advertising network, Google is solely responsible for this. Details can be found in the <a href=\"https:\/\/policies.google.com\/privacy?\">Data protection<\/a> from Google.<\/p><p>Die Nichterteilung der Einwilligung hat lediglich zur Folge, dass Ihnen der Dienst Google Maps nicht zur Verf\u00fcgung gestellt wird. Eine bereits erteilte Einwilligung k\u00f6nnen Sie widerrufen, indem Sie die Datenschutzeinstellungen \u00e4ndern.<\/p><p>The legal basis for data processing is your consent in accordance with Art. 6 Para. 1 lit. a GDPR.<\/p><p>The Google Group transmits your personal data to the USA. The legal basis for the data transfer to the USA is your consent in accordance with Art. 49 Para. 1 lit a in conjunction with Art. 6 Para. 1 lit a GDPR in conjunction with Section 25 TTDSG. You were informed before you gave your consent that the USA does not have a level of data protection that corresponds to the standards of the EU. In particular, US secret services can access your data without you being informed and without you being able to take legal action against it. For this reason, the European Court of Justice declared the earlier adequacy decision (Privacy Shield) invalid in a judgment.<\/p><p><strong>Right to object<\/strong><\/p><p><strong>\u00a0<\/strong><\/p><p>If there are no compelling legitimate reasons for the processing on our part, the processing of your data will be discontinued on the basis of this legal basis.<\/p><p>If there are no compelling legitimate reasons for the processing on our part, the processing of your data will be discontinued on the basis of this legal basis.<\/p><p>You also have the right to object to the processing of your personal data for direct marketing purposes. In the event of an objection, your personal data will no longer be processed for the purpose of direct advertising.<\/p><p>The legality of the data processed until the objection is not affected by the objection.<\/p><p><strong>right of withdrawal<\/strong><\/p><p><strong>\u00a0<\/strong><\/p><p>You have the right to revoke consent that you have already given at any time by <a href=\"https:\/\/thaispanampang.com\/en\/datenschutzerklarung\/\">Datenschutzeinstellungen<\/a> change<\/p><p>If you consent to receiving electronic advertising, you can revoke your consent by clicking on the unsubscribe link. In this case, processing will be stopped unless there is another legal basis.<\/p><p>The legality of the data processed until the revocation is not affected by the revocation.<\/p><p>data subject rights<\/p><p>You also have the right to information, correction, deletion and restriction of the processing of personal data.<\/p><p>Insofar as the legal basis for the processing of your personal data is your consent or a contract concluded with you, you also have the right to data portability.<\/p><p>You also have the right to lodge a complaint with the supervisory authority. More information on the supervisory authorities in the European Union can be found here.<\/p>\t\t\t\t\t\t\t\t<\/div>\n\t\t\t\t<\/div>\n\t\t\t\t\t<\/div>\n\t\t<\/div>\n\t\t\t\t<div class=\"elementor-column elementor-col-16 elementor-top-column elementor-element elementor-element-4deba8f\" data-id=\"4deba8f\" data-element_type=\"column\" data-e-type=\"column\">\n\t\t\t<div class=\"elementor-widget-wrap\">\n\t\t\t\t\t\t\t<\/div>\n\t\t<\/div>\n\t\t\t\t\t<\/div>\n\t\t<\/section>\n\t\t\t\t<\/div>","protected":false},"excerpt":{"rendered":"<p>Datenschutzerkl\u00e4rung Datenschutzerkl\u00e4rung In dieser Datenschutzerkl\u00e4rung informieren wir Sie \u00fcber die Verarbeitung Ihrer personenbezogenen Daten. Sofern Sie Ihre Datenschutzeinstellungen \u00e4ndern m\u00f6chten (Einwilligungen erteilen oder bereits erteilte Einwilligungen widerrufen), klicken Sie hier um Ihre Einstellungen zu \u00e4ndern. Verantwortlich Carlos Delasera, https:\/\/thaispanampang.com, Witikonerstrasse 31 , 8032 Z\u00fcrich, \u00a0+41 796 08 21 96 Hosting Provider https:\/\/www.hostinger.com\/ Server Log Files [&hellip;]<\/p>\n","protected":false},"author":1,"featured_media":0,"parent":0,"menu_order":0,"comment_status":"closed","ping_status":"closed","template":"","meta":{"om_disable_all_campaigns":false,"_monsterinsights_skip_tracking":false,"_monsterinsights_sitenote_active":false,"_monsterinsights_sitenote_note":"","_monsterinsights_sitenote_category":0,"_uf_show_specific_survey":0,"_uf_disable_surveys":false,"site-sidebar-layout":"no-sidebar","site-content-layout":"page-builder","ast-site-content-layout":"full-width-container","site-content-style":"unboxed","site-sidebar-style":"unboxed","ast-global-header-display":"","ast-banner-title-visibility":"","ast-main-header-display":"","ast-hfb-above-header-display":"","ast-hfb-below-header-display":"","ast-hfb-mobile-header-display":"","site-post-title":"disabled","ast-breadcrumbs-content":"","ast-featured-img":"disabled","footer-sml-layout":"","ast-disable-related-posts":"","theme-transparent-header-meta":"","adv-header-id-meta":"","stick-header-meta":"","header-above-stick-meta":"","header-main-stick-meta":"","header-below-stick-meta":"","astra-migrate-meta-layouts":"set","ast-page-background-enabled":"default","ast-page-background-meta":{"desktop":{"background-color":"var(--ast-global-color-4)","background-image":"","background-repeat":"repeat","background-position":"center center","background-size":"auto","background-attachment":"scroll","background-type":"","background-media":"","overlay-type":"","overlay-color":"","overlay-opacity":"","overlay-gradient":""},"tablet":{"background-color":"","background-image":"","background-repeat":"repeat","background-position":"center center","background-size":"auto","background-attachment":"scroll","background-type":"","background-media":"","overlay-type":"","overlay-color":"","overlay-opacity":"","overlay-gradient":""},"mobile":{"background-color":"","background-image":"","background-repeat":"repeat","background-position":"center center","background-size":"auto","background-attachment":"scroll","background-type":"","background-media":"","overlay-type":"","overlay-color":"","overlay-opacity":"","overlay-gradient":""}},"ast-content-background-meta":{"desktop":{"background-color":"var(--ast-global-color-5)","background-image":"","background-repeat":"repeat","background-position":"center center","background-size":"auto","background-attachment":"scroll","background-type":"","background-media":"","overlay-type":"","overlay-color":"","overlay-opacity":"","overlay-gradient":""},"tablet":{"background-color":"var(--ast-global-color-5)","background-image":"","background-repeat":"repeat","background-position":"center center","background-size":"auto","background-attachment":"scroll","background-type":"","background-media":"","overlay-type":"","overlay-color":"","overlay-opacity":"","overlay-gradient":""},"mobile":{"background-color":"var(--ast-global-color-5)","background-image":"","background-repeat":"repeat","background-position":"center center","background-size":"auto","background-attachment":"scroll","background-type":"","background-media":"","overlay-type":"","overlay-color":"","overlay-opacity":"","overlay-gradient":""}},"footnotes":""},"class_list":["post-773","page","type-page","status-publish","hentry"],"yoast_head":"<!-- This site is optimized with the Yoast SEO plugin v27.4 - https:\/\/yoast.com\/product\/yoast-seo-wordpress\/ -->\n<title>DATENSCHUTZ-BESTIMMUNGEN Thaispanampang<\/title>\n<meta name=\"description\" content=\"Datenschutzerkl\u00e4rung Datenschutzerkl\u00e4rungIn dieser Datenschutzerkl\u00e4rung informieren wir Sie \u00fcber die Verarbeitung Ihrer personenbezogenen Daten.Sofern Sie\" \/>\n<meta name=\"robots\" content=\"index, follow, max-snippet:-1, max-image-preview:large, max-video-preview:-1\" \/>\n<link rel=\"canonical\" href=\"https:\/\/thaispanampang.com\/en\/datenschutzerklarung\/\" \/>\n<meta property=\"og:locale\" content=\"en_US\" \/>\n<meta property=\"og:type\" content=\"article\" \/>\n<meta property=\"og:title\" content=\"DATENSCHUTZ-BESTIMMUNGEN Thaispanampang\" \/>\n<meta property=\"og:description\" content=\"Datenschutzerkl\u00e4rung Datenschutzerkl\u00e4rungIn dieser Datenschutzerkl\u00e4rung informieren wir Sie \u00fcber die Verarbeitung Ihrer personenbezogenen Daten.Sofern Sie\" \/>\n<meta property=\"og:url\" content=\"https:\/\/thaispanampang.com\/en\/datenschutzerklarung\/\" \/>\n<meta property=\"og:site_name\" content=\"Thaispanampang\" \/>\n<meta property=\"article:publisher\" content=\"https:\/\/www.facebook.com\/ThaiSpaNamPang\" \/>\n<meta property=\"article:modified_time\" content=\"2024-02-28T23:50:03+00:00\" \/>\n<meta name=\"twitter:card\" content=\"summary_large_image\" \/>\n<meta name=\"twitter:label1\" content=\"Est. reading time\" \/>\n\t<meta name=\"twitter:data1\" content=\"6 minutes\" \/>\n<script type=\"application\/ld+json\" class=\"yoast-schema-graph\">{\"@context\":\"https:\\\/\\\/schema.org\",\"@graph\":[{\"@type\":\"WebPage\",\"@id\":\"https:\\\/\\\/thaispanampang.com\\\/datenschutzerklarung\\\/\",\"url\":\"https:\\\/\\\/thaispanampang.com\\\/datenschutzerklarung\\\/\",\"name\":\"DATENSCHUTZ-BESTIMMUNGEN Thaispanampang\",\"isPartOf\":{\"@id\":\"https:\\\/\\\/thaispanampang.com\\\/#website\"},\"datePublished\":\"2023-07-12T20:54:16+00:00\",\"dateModified\":\"2024-02-28T23:50:03+00:00\",\"description\":\"Datenschutzerkl\u00e4rung Datenschutzerkl\u00e4rungIn dieser Datenschutzerkl\u00e4rung informieren wir Sie \u00fcber die Verarbeitung Ihrer personenbezogenen Daten.Sofern Sie\",\"breadcrumb\":{\"@id\":\"https:\\\/\\\/thaispanampang.com\\\/datenschutzerklarung\\\/#breadcrumb\"},\"inLanguage\":\"en-US\",\"potentialAction\":[{\"@type\":\"ReadAction\",\"target\":[\"https:\\\/\\\/thaispanampang.com\\\/datenschutzerklarung\\\/\"]}]},{\"@type\":\"BreadcrumbList\",\"@id\":\"https:\\\/\\\/thaispanampang.com\\\/datenschutzerklarung\\\/#breadcrumb\",\"itemListElement\":[{\"@type\":\"ListItem\",\"position\":1,\"name\":\"Inicio\",\"item\":\"https:\\\/\\\/thaispanampang.com\\\/\"},{\"@type\":\"ListItem\",\"position\":2,\"name\":\"DATENSCHUTZ-BESTIMMUNGEN\"}]},{\"@type\":\"WebSite\",\"@id\":\"https:\\\/\\\/thaispanampang.com\\\/#website\",\"url\":\"https:\\\/\\\/thaispanampang.com\\\/\",\"name\":\"Thaispanampang\",\"description\":\"Spa und Massage\",\"publisher\":{\"@id\":\"https:\\\/\\\/thaispanampang.com\\\/#organization\"},\"potentialAction\":[{\"@type\":\"SearchAction\",\"target\":{\"@type\":\"EntryPoint\",\"urlTemplate\":\"https:\\\/\\\/thaispanampang.com\\\/?s={search_term_string}\"},\"query-input\":{\"@type\":\"PropertyValueSpecification\",\"valueRequired\":true,\"valueName\":\"search_term_string\"}}],\"inLanguage\":\"en-US\"},{\"@type\":\"Organization\",\"@id\":\"https:\\\/\\\/thaispanampang.com\\\/#organization\",\"name\":\"thaispanampang\",\"url\":\"https:\\\/\\\/thaispanampang.com\\\/\",\"logo\":{\"@type\":\"ImageObject\",\"inLanguage\":\"en-US\",\"@id\":\"https:\\\/\\\/thaispanampang.com\\\/#\\\/schema\\\/logo\\\/image\\\/\",\"url\":\"https:\\\/\\\/thaispanampang.com\\\/wp-content\\\/uploads\\\/2023\\\/07\\\/cropped-cropped-cropped-logo-lite-296x300-1-1.webp\",\"contentUrl\":\"https:\\\/\\\/thaispanampang.com\\\/wp-content\\\/uploads\\\/2023\\\/07\\\/cropped-cropped-cropped-logo-lite-296x300-1-1.webp\",\"width\":296,\"height\":300,\"caption\":\"thaispanampang\"},\"image\":{\"@id\":\"https:\\\/\\\/thaispanampang.com\\\/#\\\/schema\\\/logo\\\/image\\\/\"},\"sameAs\":[\"https:\\\/\\\/www.facebook.com\\\/ThaiSpaNamPang\"]}]}<\/script>\n<!-- \/ Yoast SEO plugin. -->","yoast_head_json":{"title":"DATENSCHUTZ-BESTIMMUNGEN Thaispanampang","description":"Datenschutzerkl\u00e4rung Datenschutzerkl\u00e4rungIn dieser Datenschutzerkl\u00e4rung informieren wir Sie \u00fcber die Verarbeitung Ihrer personenbezogenen Daten.Sofern Sie","robots":{"index":"index","follow":"follow","max-snippet":"max-snippet:-1","max-image-preview":"max-image-preview:large","max-video-preview":"max-video-preview:-1"},"canonical":"https:\/\/thaispanampang.com\/en\/datenschutzerklarung\/","og_locale":"en_US","og_type":"article","og_title":"DATENSCHUTZ-BESTIMMUNGEN Thaispanampang","og_description":"Datenschutzerkl\u00e4rung Datenschutzerkl\u00e4rungIn dieser Datenschutzerkl\u00e4rung informieren wir Sie \u00fcber die Verarbeitung Ihrer personenbezogenen Daten.Sofern Sie","og_url":"https:\/\/thaispanampang.com\/en\/datenschutzerklarung\/","og_site_name":"Thaispanampang","article_publisher":"https:\/\/www.facebook.com\/ThaiSpaNamPang","article_modified_time":"2024-02-28T23:50:03+00:00","twitter_card":"summary_large_image","twitter_misc":{"Est. reading time":"6 minutes"},"schema":{"@context":"https:\/\/schema.org","@graph":[{"@type":"WebPage","@id":"https:\/\/thaispanampang.com\/datenschutzerklarung\/","url":"https:\/\/thaispanampang.com\/datenschutzerklarung\/","name":"DATENSCHUTZ-BESTIMMUNGEN Thaispanampang","isPartOf":{"@id":"https:\/\/thaispanampang.com\/#website"},"datePublished":"2023-07-12T20:54:16+00:00","dateModified":"2024-02-28T23:50:03+00:00","description":"Datenschutzerkl\u00e4rung Datenschutzerkl\u00e4rungIn dieser Datenschutzerkl\u00e4rung informieren wir Sie \u00fcber die Verarbeitung Ihrer personenbezogenen Daten.Sofern Sie","breadcrumb":{"@id":"https:\/\/thaispanampang.com\/datenschutzerklarung\/#breadcrumb"},"inLanguage":"en-US","potentialAction":[{"@type":"ReadAction","target":["https:\/\/thaispanampang.com\/datenschutzerklarung\/"]}]},{"@type":"BreadcrumbList","@id":"https:\/\/thaispanampang.com\/datenschutzerklarung\/#breadcrumb","itemListElement":[{"@type":"ListItem","position":1,"name":"Inicio","item":"https:\/\/thaispanampang.com\/"},{"@type":"ListItem","position":2,"name":"DATENSCHUTZ-BESTIMMUNGEN"}]},{"@type":"WebSite","@id":"https:\/\/thaispanampang.com\/#website","url":"https:\/\/thaispanampang.com\/","name":"Thaispanampang","description":"Spa und Massage","publisher":{"@id":"https:\/\/thaispanampang.com\/#organization"},"potentialAction":[{"@type":"SearchAction","target":{"@type":"EntryPoint","urlTemplate":"https:\/\/thaispanampang.com\/?s={search_term_string}"},"query-input":{"@type":"PropertyValueSpecification","valueRequired":true,"valueName":"search_term_string"}}],"inLanguage":"en-US"},{"@type":"Organization","@id":"https:\/\/thaispanampang.com\/#organization","name":"thaispanampang","url":"https:\/\/thaispanampang.com\/","logo":{"@type":"ImageObject","inLanguage":"en-US","@id":"https:\/\/thaispanampang.com\/#\/schema\/logo\/image\/","url":"https:\/\/thaispanampang.com\/wp-content\/uploads\/2023\/07\/cropped-cropped-cropped-logo-lite-296x300-1-1.webp","contentUrl":"https:\/\/thaispanampang.com\/wp-content\/uploads\/2023\/07\/cropped-cropped-cropped-logo-lite-296x300-1-1.webp","width":296,"height":300,"caption":"thaispanampang"},"image":{"@id":"https:\/\/thaispanampang.com\/#\/schema\/logo\/image\/"},"sameAs":["https:\/\/www.facebook.com\/ThaiSpaNamPang"]}]}},"_links":{"self":[{"href":"https:\/\/thaispanampang.com\/en\/wp-json\/wp\/v2\/pages\/773","targetHints":{"allow":["GET"]}}],"collection":[{"href":"https:\/\/thaispanampang.com\/en\/wp-json\/wp\/v2\/pages"}],"about":[{"href":"https:\/\/thaispanampang.com\/en\/wp-json\/wp\/v2\/types\/page"}],"author":[{"embeddable":true,"href":"https:\/\/thaispanampang.com\/en\/wp-json\/wp\/v2\/users\/1"}],"replies":[{"embeddable":true,"href":"https:\/\/thaispanampang.com\/en\/wp-json\/wp\/v2\/comments?post=773"}],"version-history":[{"count":12,"href":"https:\/\/thaispanampang.com\/en\/wp-json\/wp\/v2\/pages\/773\/revisions"}],"predecessor-version":[{"id":1294,"href":"https:\/\/thaispanampang.com\/en\/wp-json\/wp\/v2\/pages\/773\/revisions\/1294"}],"wp:attachment":[{"href":"https:\/\/thaispanampang.com\/en\/wp-json\/wp\/v2\/media?parent=773"}],"curies":[{"name":"wp","href":"https:\/\/api.w.org\/{rel}","templated":true}]}}